{"id":564,"date":"2024-02-04T22:52:51","date_gmt":"2024-02-04T22:52:51","guid":{"rendered":"http:\/\/www.cevincit.com\/?page_id=564"},"modified":"2025-09-10T12:27:50","modified_gmt":"2025-09-10T12:27:50","slug":"estacio-del-nord","status":"publish","type":"page","link":"https:\/\/www.cevincit.com\/?page_id=564","title":{"rendered":"Poliesportiu de l&#8217;Estaci\u00f3 del Nord"},"content":{"rendered":"\n<p>Aquest \u00e9s el pavell\u00f3 on juguen tots els nostres equips federats i algun dels equips escolars. <\/p>\n\n\n\n<p>Tots els equips m\u00e9s menuts del club entrenen cada dia de 17h a 18h.<\/p>\n\n\n\n<p>Tot seguit podem veure els horaris d&#8217;<strong>entrenaments<\/strong> al pavell\u00f3 de l&#8217;Estaci\u00f3 del nord:<\/p>\n\n\n\n<p><strong>PISTA SINT\u00c8TICA<\/strong><\/p>\n\n\n\n<figure class=\"wp-block-table is-style-stripes\"><table><tbody><tr><td class=\"has-text-align-center\" data-align=\"center\"><\/td><td class=\"has-text-align-center\" data-align=\"center\"><strong>Dilluns<\/strong><\/td><td class=\"has-text-align-center\" data-align=\"center\"><strong>Dimarts<\/strong><\/td><td class=\"has-text-align-center\" data-align=\"center\"><strong>Dimecres<\/strong><\/td><td class=\"has-text-align-center\" data-align=\"center\"><strong>Dijous<\/strong><\/td><\/tr><tr><td class=\"has-text-align-center\" data-align=\"center\"><strong>17h &#8211; 18h<\/strong><\/td><td class=\"has-text-align-center\" data-align=\"center\">Menudets B<\/td><td class=\"has-text-align-center\" data-align=\"center\">Menudets A<\/td><td class=\"has-text-align-center\" data-align=\"center\">Menudets B<\/td><td class=\"has-text-align-center\" data-align=\"center\">Menudets A<\/td><\/tr><tr><td class=\"has-text-align-center\" data-align=\"center\"><strong>17h &#8211; 18h<\/strong><\/td><td class=\"has-text-align-center\" data-align=\"center\">Menuts B<\/td><td class=\"has-text-align-center\" data-align=\"center\">Menuts A<\/td><td class=\"has-text-align-center\" data-align=\"center\">Menuts B<\/td><td class=\"has-text-align-center\" data-align=\"center\">Menuts A<\/td><\/tr><tr><td class=\"has-text-align-center\" data-align=\"center\"><strong>17h &#8211; 18h<\/strong><\/td><td class=\"has-text-align-center\" data-align=\"center\">Pre-Benjam\u00ed B<\/td><td class=\"has-text-align-center\" data-align=\"center\">Pre-Benjam\u00ed A<\/td><td class=\"has-text-align-center\" data-align=\"center\">Pre-Benjam\u00ed B<\/td><td class=\"has-text-align-center\" data-align=\"center\">Pre-Benjam\u00ed A<\/td><\/tr><tr><td class=\"has-text-align-center\" data-align=\"center\"><strong>17h &#8211; 18h<\/strong><\/td><td class=\"has-text-align-center\" data-align=\"center\">Benjam\u00ed C<\/td><td class=\"has-text-align-center\" data-align=\"center\">Benjam\u00ed B<\/td><td class=\"has-text-align-center\" data-align=\"center\">Benjam\u00ed C<\/td><td class=\"has-text-align-center\" data-align=\"center\">Benjam\u00ed A<\/td><\/tr><\/tbody><\/table><\/figure>\n\n\n\n<p><strong>PISTA CIMENT<\/strong><\/p>\n\n\n\n<figure class=\"wp-block-table is-style-stripes\"><table><tbody><tr><td class=\"has-text-align-center\" data-align=\"center\"><\/td><td class=\"has-text-align-center\" data-align=\"center\"><strong>Dilluns<\/strong><\/td><td class=\"has-text-align-center\" data-align=\"center\"><strong>Dimarts<\/strong><\/td><td class=\"has-text-align-center\" data-align=\"center\"><strong>Dimecres<\/strong><\/td><td class=\"has-text-align-center\" data-align=\"center\"><strong>Dijous<\/strong><\/td><\/tr><tr><td class=\"has-text-align-center\" data-align=\"center\"><strong>17h &#8211; 18h<\/strong><\/td><td class=\"has-text-align-center\" data-align=\"center\">Alev\u00ed B<\/td><td class=\"has-text-align-center\" data-align=\"center\">Benjam\u00ed A<\/td><td class=\"has-text-align-center\" data-align=\"center\">Alev\u00ed B<\/td><td class=\"has-text-align-center\" data-align=\"center\">Benjam\u00ed B<\/td><\/tr><tr><td class=\"has-text-align-center\" data-align=\"center\"><strong>17h &#8211; 18h<\/strong><\/td><td class=\"has-text-align-center\" data-align=\"center\">Alev\u00ed C<\/td><td class=\"has-text-align-center\" data-align=\"center\">Pre-Alev\u00ed B<\/td><td class=\"has-text-align-center\" data-align=\"center\">Alev\u00ed C<\/td><td class=\"has-text-align-center\" data-align=\"center\">Pre-Alev\u00ed B<\/td><\/tr><tr><td class=\"has-text-align-center\" data-align=\"center\"><strong>17h &#8211; 18h<\/strong><\/td><td class=\"has-text-align-center\" data-align=\"center\">&#8211;<\/td><td class=\"has-text-align-center\" data-align=\"center\">Pre-Alev\u00ed A<\/td><td class=\"has-text-align-center\" data-align=\"center\">&#8211;<\/td><td class=\"has-text-align-center\" data-align=\"center\">Pre-Alev\u00ed A<\/td><\/tr><tr><td class=\"has-text-align-center\" data-align=\"center\"><strong>18h &#8211; 19h<\/strong><\/td><td class=\"has-text-align-center\" data-align=\"center\">Infantil C<br>Alev\u00ed A<\/td><td class=\"has-text-align-center\" data-align=\"center\">Benjam\u00ed Femen\u00ed<\/td><td class=\"has-text-align-center\" data-align=\"center\">Infantil C<br>Alev\u00ed A<\/td><td class=\"has-text-align-center\" data-align=\"center\">Benjam\u00ed Femen\u00ed<\/td><\/tr><tr><td class=\"has-text-align-center\" data-align=\"center\"><strong>21h-22h<\/strong><\/td><td class=\"has-text-align-center\" data-align=\"center\">Senior Mascul\u00ed A<\/td><td class=\"has-text-align-center\" data-align=\"center\">Senior Femen\u00ed A (22h)<\/td><td class=\"has-text-align-center\" data-align=\"center\"><\/td><td class=\"has-text-align-center\" data-align=\"center\"><\/td><\/tr><\/tbody><\/table><\/figure>\n\n\n\n<figure class=\"wp-block-image size-large is-resized\"><img fetchpriority=\"high\" decoding=\"async\" width=\"2048\" height=\"1152\" src=\"https:\/\/www.cevincit.com\/wp-content\/uploads\/2024\/02\/WhatsApp-Image-2024-02-05-at-01.47.51-edited.jpeg\" alt=\"\" class=\"wp-image-587\" style=\"width:839px;height:auto\" srcset=\"https:\/\/www.cevincit.com\/wp-content\/uploads\/2024\/02\/WhatsApp-Image-2024-02-05-at-01.47.51-edited.jpeg 2048w, https:\/\/www.cevincit.com\/wp-content\/uploads\/2024\/02\/WhatsApp-Image-2024-02-05-at-01.47.51-edited-300x169.jpeg 300w, https:\/\/www.cevincit.com\/wp-content\/uploads\/2024\/02\/WhatsApp-Image-2024-02-05-at-01.47.51-edited-1024x576.jpeg 1024w, https:\/\/www.cevincit.com\/wp-content\/uploads\/2024\/02\/WhatsApp-Image-2024-02-05-at-01.47.51-edited-768x432.jpeg 768w, https:\/\/www.cevincit.com\/wp-content\/uploads\/2024\/02\/WhatsApp-Image-2024-02-05-at-01.47.51-edited-1536x864.jpeg 1536w\" sizes=\"(max-width: 2048px) 100vw, 2048px\" \/><\/figure>\n\n\n\n<p>Tot seguit podem veure els horaris de <strong>partits<\/strong> al pavell\u00f3 de l&#8217;Estaci\u00f3 del nord:<\/p>\n\n\n\n<p><strong>PISTA CIMENT DIVENDRES<\/strong> (CEEB)<\/p>\n\n\n\n<figure class=\"wp-block-table is-style-stripes\"><table><tbody><tr><td class=\"has-text-align-center\" data-align=\"center\"><\/td><td class=\"has-text-align-center\" data-align=\"center\"><strong>Setmana 1<\/strong><\/td><td class=\"has-text-align-center\" data-align=\"center\"><strong>Setmana 2<\/strong><\/td><\/tr><tr><td class=\"has-text-align-center\" data-align=\"center\"><strong>18h<\/strong><\/td><td class=\"has-text-align-center\" data-align=\"center\">Pre-Alev\u00ed B<\/td><td class=\"has-text-align-center\" data-align=\"center\">Benjam\u00ed B<\/td><\/tr><tr><td class=\"has-text-align-center\" data-align=\"center\"><strong>19h<\/strong><\/td><td class=\"has-text-align-center\" data-align=\"center\">Alev\u00ed C<\/td><td class=\"has-text-align-center\" data-align=\"center\">Infantil B Femen\u00ed<\/td><\/tr><\/tbody><\/table><\/figure>\n\n\n\n<p><strong>PISTA CIMENT DISSABTE<\/strong> (federats)<\/p>\n\n\n\n<figure class=\"wp-block-table is-style-stripes\"><table><tbody><tr><td class=\"has-text-align-center\" data-align=\"center\"><\/td><td class=\"has-text-align-center\" data-align=\"center\"><strong>Setmana 1<\/strong><\/td><td class=\"has-text-align-center\" data-align=\"center\"><strong>Setmana 2<\/strong><\/td><\/tr><tr><td class=\"has-text-align-center\" data-align=\"center\"><strong>9h<\/strong><\/td><td class=\"has-text-align-center\" data-align=\"center\">Juvenil Femen\u00edA<\/td><td class=\"has-text-align-center\" data-align=\"center\">Cadet C<\/td><\/tr><tr><td class=\"has-text-align-center\" data-align=\"center\"><strong>13:15h<\/strong><\/td><td class=\"has-text-align-center\" data-align=\"center\">Cadet B<\/td><td class=\"has-text-align-center\" data-align=\"center\">Alev\u00ed A<\/td><\/tr><tr><td class=\"has-text-align-center\" data-align=\"center\"><strong>14:30h<\/strong><\/td><td class=\"has-text-align-center\" data-align=\"center\">Juvenil B<\/td><td class=\"has-text-align-center\" data-align=\"center\">Juvenil C<\/td><\/tr><\/tbody><\/table><\/figure>\n\n\n\n<p><strong>PISTA SINT\u00c8TICA DISSABTE <\/strong>(federats)<\/p>\n\n\n\n<figure class=\"wp-block-table is-style-stripes\"><table><tbody><tr><td class=\"has-text-align-center\" data-align=\"center\"><\/td><td class=\"has-text-align-center\" data-align=\"center\"><strong>Setmana 1<\/strong><\/td><td class=\"has-text-align-center\" data-align=\"center\"><strong>Setmana 2<\/strong><\/td><\/tr><tr><td class=\"has-text-align-center\" data-align=\"center\"><strong>10:15h<\/strong><\/td><td class=\"has-text-align-center\" data-align=\"center\">Infantil Femen\u00ed A<\/td><td class=\"has-text-align-center\" data-align=\"center\">Infantil A<\/td><\/tr><tr><td class=\"has-text-align-center\" data-align=\"center\"><strong>11:30h<\/strong><\/td><td class=\"has-text-align-center\" data-align=\"center\">Cadet A<\/td><td class=\"has-text-align-center\" data-align=\"center\"><\/td><\/tr><tr><td class=\"has-text-align-center\" data-align=\"center\"><strong>12:45h<\/strong><\/td><td class=\"has-text-align-center\" data-align=\"center\">Infantil C<\/td><td class=\"has-text-align-center\" data-align=\"center\">Juvenil A<\/td><\/tr><\/tbody><\/table><\/figure>\n\n\n\n<p><strong>PISTA CIMENT DIUMENGE<\/strong> (federats)<\/p>\n\n\n\n<figure class=\"wp-block-table is-style-stripes\"><table><tbody><tr><td class=\"has-text-align-center\" data-align=\"center\"><\/td><td class=\"has-text-align-center\" data-align=\"center\"><strong>Setmana 1<\/strong><\/td><td class=\"has-text-align-center\" data-align=\"center\"><strong>Setmana 2<\/strong><\/td><\/tr><tr><td class=\"has-text-align-center\" data-align=\"center\"><strong>9:45h<\/strong><\/td><td class=\"has-text-align-center\" data-align=\"center\">Infantil B<\/td><td class=\"has-text-align-center\" data-align=\"center\">Senior Femen\u00ed B<\/td><\/tr><tr><td class=\"has-text-align-center\" data-align=\"center\"><strong>11h<\/strong><\/td><td class=\"has-text-align-center\" data-align=\"center\">Senior Mascul\u00ed A<\/td><td class=\"has-text-align-center\" data-align=\"center\">Senior Femen\u00ed A<\/td><\/tr><tr><td class=\"has-text-align-center\" data-align=\"center\"><strong>12:30h<\/strong><\/td><td class=\"has-text-align-center\" data-align=\"center\"><\/td><td class=\"has-text-align-center\" data-align=\"center\">Senior Mascul\u00ed B<\/td><\/tr><\/tbody><\/table><\/figure>\n\n\n\n<figure class=\"wp-block-image size-large\"><img decoding=\"async\" width=\"1024\" height=\"561\" src=\"https:\/\/www.cevincit.com\/wp-content\/uploads\/2024\/02\/WhatsApp-Image-2024-02-05-at-11.09.43-1-1024x561.jpeg\" alt=\"\" class=\"wp-image-590\" srcset=\"https:\/\/www.cevincit.com\/wp-content\/uploads\/2024\/02\/WhatsApp-Image-2024-02-05-at-11.09.43-1-1024x561.jpeg 1024w, https:\/\/www.cevincit.com\/wp-content\/uploads\/2024\/02\/WhatsApp-Image-2024-02-05-at-11.09.43-1-300x164.jpeg 300w, https:\/\/www.cevincit.com\/wp-content\/uploads\/2024\/02\/WhatsApp-Image-2024-02-05-at-11.09.43-1-768x421.jpeg 768w, https:\/\/www.cevincit.com\/wp-content\/uploads\/2024\/02\/WhatsApp-Image-2024-02-05-at-11.09.43-1.jpeg 1442w\" sizes=\"(max-width: 1024px) 100vw, 1024px\" \/><\/figure>\n","protected":false},"excerpt":{"rendered":"<p>Aquest \u00e9s el pavell\u00f3 on juguen tots els nostres equips federats i algun dels equips escolars. Tots els equips m\u00e9s menuts del club entrenen cada dia de 17h a 18h. Tot seguit podem veure els horaris d&#8217;entrenaments al pavell\u00f3 de l&#8217;Estaci\u00f3 del nord: PISTA SINT\u00c8TICA Dilluns Dimarts Dimecres Dijous 17h &#8211; 18h Menudets B Menudets [&hellip;]<\/p>\n","protected":false},"author":1,"featured_media":0,"parent":0,"menu_order":0,"comment_status":"closed","ping_status":"closed","template":"","meta":{"footnotes":""},"class_list":["post-564","page","type-page","status-publish","hentry"],"_links":{"self":[{"href":"https:\/\/www.cevincit.com\/index.php?rest_route=\/wp\/v2\/pages\/564","targetHints":{"allow":["GET"]}}],"collection":[{"href":"https:\/\/www.cevincit.com\/index.php?rest_route=\/wp\/v2\/pages"}],"about":[{"href":"https:\/\/www.cevincit.com\/index.php?rest_route=\/wp\/v2\/types\/page"}],"author":[{"embeddable":true,"href":"https:\/\/www.cevincit.com\/index.php?rest_route=\/wp\/v2\/users\/1"}],"replies":[{"embeddable":true,"href":"https:\/\/www.cevincit.com\/index.php?rest_route=%2Fwp%2Fv2%2Fcomments&post=564"}],"version-history":[{"count":36,"href":"https:\/\/www.cevincit.com\/index.php?rest_route=\/wp\/v2\/pages\/564\/revisions"}],"predecessor-version":[{"id":2002,"href":"https:\/\/www.cevincit.com\/index.php?rest_route=\/wp\/v2\/pages\/564\/revisions\/2002"}],"wp:attachment":[{"href":"https:\/\/www.cevincit.com\/index.php?rest_route=%2Fwp%2Fv2%2Fmedia&parent=564"}],"curies":[{"name":"wp","href":"https:\/\/api.w.org\/{rel}","templated":true}]}}